{"id":3747,"date":"2015-06-22T08:59:56","date_gmt":"2015-06-22T08:59:56","guid":{"rendered":"https:\/\/www.orthodontie-orthodontiste.ch\/?page_id=3747"},"modified":"2020-03-02T10:10:24","modified_gmt":"2020-03-02T10:10:24","slug":"cabinet-orthodontique-chatel-saint-denis","status":"publish","type":"page","link":"https:\/\/www.orthodontie-orthodontiste.ch\/en\/cabinet-orthodontique-chatel-saint-denis\/","title":{"rendered":"Access map Orthodent Ch\u00e2tel-St-Denis"},"content":{"rendered":"<div  class='av_gmaps_sc_main_wrap av_gmaps_main_wrap '><div id='av_gmap_0' class='avia-google-map-container avia-google-map-sc av_gmaps_show_unconditionally av-no-fallback-img ' data-mapid='av_gmap_0'  style='height: 400px;'><a class=\"av_gmaps_browser_disabled av_text_confirm_link av_text_confirm_link_visible\" href=\"https:\/\/www.google.com\/maps\/search\/?api=1&#038;query=Avenue%20de%20la%20Gare%2052%20%20%20Ch\u00e2tel-St-Denis%20%20Suisse\" target=\"_blank\">Maps were disabled by the visitor on this site. Click to open the map in a new window.<\/a><\/div><\/div>\n\n<style type=\"text\/css\" data-created_by=\"avia_inline_auto\" id=\"style-css-av-k74yge12-b16547ee35ceb5ebd127b7704e115503\">\n#top .hr.av-k74yge12-b16547ee35ceb5ebd127b7704e115503{\nmargin-top:0px;\nmargin-bottom:0px;\n}\n.hr.av-k74yge12-b16547ee35ceb5ebd127b7704e115503 .hr-inner{\nwidth:55px;\nborder-color:#4506b9;\n}\n<\/style>\n<div  class='hr av-k74yge12-b16547ee35ceb5ebd127b7704e115503 hr-custom  avia-builder-el-1  el_after_av_google_map  el_before_av_heading  avia-builder-el-first  hr-left hr-icon-no'><span class='hr-inner inner-border-av-border-fat'><span class=\"hr-inner-style\"><\/span><\/span><\/div>\n\n<style type=\"text\/css\" data-created_by=\"avia_inline_auto\" id=\"style-css-av-k7aaxia1-3f99a8e6b2be5723f73f8ee189f28a4e\">\n#top .av-special-heading.av-k7aaxia1-3f99a8e6b2be5723f73f8ee189f28a4e{\npadding-bottom:10px;\n}\nbody .av-special-heading.av-k7aaxia1-3f99a8e6b2be5723f73f8ee189f28a4e .av-special-heading-tag .heading-char{\nfont-size:25px;\n}\n.av-special-heading.av-k7aaxia1-3f99a8e6b2be5723f73f8ee189f28a4e .av-subheading{\nfont-size:15px;\n}\n<\/style>\n<div  class='av-special-heading av-k7aaxia1-3f99a8e6b2be5723f73f8ee189f28a4e av-special-heading-h1 blockquote modern-quote  avia-builder-el-2  el_after_av_hr  el_before_av_textblock '><h1 class='av-special-heading-tag '  itemprop=\"headline\"  >Your Orthodent Center in Ch\u00e2tel-St-Denis<\/h1><div class=\"special-heading-border\"><div class=\"special-heading-inner-border\"><\/div><\/div><\/div>\n<section  class='av_textblock_section av-a71tbc-024a2c4b09528fb8045db7da5babf5ea '   itemscope=\"itemscope\" itemtype=\"https:\/\/schema.org\/CreativeWork\" ><div class='avia_textblock'  itemprop=\"text\" ><p>Welcome to your Orthodent centre in Ch\u00e2tel-St-Denis.<\/p>\n<p>In the town centre and close to transport and a public car park, our specialised orthodontic centre is easily accessible.<\/p>\n<p>For any further information, please do not hesitate to call us.<\/p>\n<\/div><\/section>\n<section  class='av_textblock_section av-vehbc-f2e30a8cc9803a8048238de1f19008fa '   itemscope=\"itemscope\" itemtype=\"https:\/\/schema.org\/CreativeWork\" ><div class='avia_textblock'  itemprop=\"text\" ><p><span style=\"color: #5cc4ed;\"><strong>ORTHODENT SA<\/strong><\/span><br \/>\nAvenue de la Gare 52<br \/>\n1618 Ch\u00e2tel-St-Denis<br \/>\n<strong>T\u00e9l : 0848 22 48 22<\/strong><\/p>\n<\/div><\/section>\n\n<style type=\"text\/css\" data-created_by=\"avia_inline_auto\" id=\"style-css-av-s3yc8-9685675ccf7316fb1fd3c6699092ba1b\">\n#top .hr.hr-invisible.av-s3yc8-9685675ccf7316fb1fd3c6699092ba1b{\nheight:20px;\n}\n<\/style>\n<div  class='hr av-s3yc8-9685675ccf7316fb1fd3c6699092ba1b hr-invisible  avia-builder-el-5  el_after_av_textblock  el_before_av_textblock '><span class='hr-inner '><span class=\"hr-inner-style\"><\/span><\/span><\/div>\n<section  class='av_textblock_section av-5o6h2g-769214b05a689d3e13d42f48df530cf6 '   itemscope=\"itemscope\" itemtype=\"https:\/\/schema.org\/CreativeWork\" ><div class='avia_textblock'  itemprop=\"text\" ><h2>Access map to Orthodent in Ch\u00e2tel-St-Denis<\/h2>\n<\/div><\/section>\n\n<style type=\"text\/css\" data-created_by=\"avia_inline_auto\" id=\"style-css-av-3pfyoo-db023be880ca9d3e4ac9c18edd260373\">\n.flex_column.av-3pfyoo-db023be880ca9d3e4ac9c18edd260373{\nborder-radius:0px 0px 0px 0px;\npadding:0px 0px 0px 0px;\n}\n<\/style>\n<div  class='flex_column av-3pfyoo-db023be880ca9d3e4ac9c18edd260373 av_four_fifth  avia-builder-el-7  el_after_av_textblock  el_before_av_hr  first flex_column_div av-zero-column-padding  column-top-margin'     ><div  class='av_gmaps_sc_main_wrap av_gmaps_main_wrap '><div id='av_gmap_1' class='avia-google-map-container avia-google-map-sc av_gmaps_show_unconditionally av-no-fallback-img ' data-mapid='av_gmap_1'  style='height: 400px;'><a class=\"av_gmaps_browser_disabled av_text_confirm_link av_text_confirm_link_visible\" href=\"https:\/\/www.google.com\/maps\/search\/?api=1&#038;query=Avenue%20de%20la%20Gare%2052%201618%20Ch\u00e2tel-St-Denis%20Fribourg%20Suisse\" target=\"_blank\">Maps were disabled by the visitor on this site. Click to open the map in a new window.<\/a><\/div><\/div><\/div>\n\n<style type=\"text\/css\" data-created_by=\"avia_inline_auto\" id=\"style-css-av-465tco-38401dcf668fe591e148f345adfcede8\">\n#top .hr.hr-invisible.av-465tco-38401dcf668fe591e148f345adfcede8{\nheight:40px;\n}\n<\/style>\n<div  class='hr av-465tco-38401dcf668fe591e148f345adfcede8 hr-invisible  avia-builder-el-9  el_after_av_four_fifth  avia-builder-el-last '><span class='hr-inner '><span class=\"hr-inner-style\"><\/span><\/span><\/div>\n","protected":false},"excerpt":{"rendered":"","protected":false},"author":4,"featured_media":0,"parent":0,"menu_order":0,"comment_status":"closed","ping_status":"closed","template":"","meta":{"footnotes":""},"class_list":["post-3747","page","type-page","status-publish","hentry"],"yoast_head":"<!-- This site is optimized with the Yoast SEO plugin v27.3 - https:\/\/yoast.com\/product\/yoast-seo-wordpress\/ -->\n<title>Orthodent | Cabinet orthodontique \u00e0 Ch\u00e2tel-St-Denis | Orthodontie Fribourg<\/title>\n<meta name=\"description\" content=\"Orthodontie \u00e0 Ch\u00e2tel-St-Denis (Fribourg). Orthodontiste\" \/>\n<meta name=\"robots\" content=\"index, follow, max-snippet:-1, max-image-preview:large, max-video-preview:-1\" \/>\n<link rel=\"canonical\" href=\"https:\/\/www.orthodontie-orthodontiste.ch\/en\/cabinet-orthodontique-chatel-saint-denis\/\" \/>\n<meta property=\"og:locale\" content=\"en_US\" \/>\n<meta property=\"og:type\" content=\"article\" \/>\n<meta property=\"og:title\" content=\"Orthodent | Cabinet orthodontique \u00e0 Ch\u00e2tel-St-Denis | Orthodontie Fribourg\" \/>\n<meta property=\"og:description\" content=\"Orthodontie \u00e0 Ch\u00e2tel-St-Denis (Fribourg). Orthodontiste\" \/>\n<meta property=\"og:url\" content=\"https:\/\/www.orthodontie-orthodontiste.ch\/en\/cabinet-orthodontique-chatel-saint-denis\/\" \/>\n<meta property=\"og:site_name\" content=\"Orthodent, les sp\u00e9cialistes de l&#039;orthodontie\" \/>\n<meta property=\"article:modified_time\" content=\"2020-03-02T10:10:24+00:00\" \/>\n<meta name=\"twitter:card\" content=\"summary_large_image\" \/>\n<meta name=\"twitter:label1\" content=\"Est. reading time\" \/>\n\t<meta name=\"twitter:data1\" content=\"4 minutes\" \/>\n<script type=\"application\/ld+json\" class=\"yoast-schema-graph\">{\"@context\":\"https:\\\/\\\/schema.org\",\"@graph\":[{\"@type\":\"WebPage\",\"@id\":\"https:\\\/\\\/www.orthodontie-orthodontiste.ch\\\/en\\\/cabinet-orthodontique-chatel-saint-denis\\\/\",\"url\":\"https:\\\/\\\/www.orthodontie-orthodontiste.ch\\\/en\\\/cabinet-orthodontique-chatel-saint-denis\\\/\",\"name\":\"Orthodent | Cabinet orthodontique \u00e0 Ch\u00e2tel-St-Denis | Orthodontie Fribourg\",\"isPartOf\":{\"@id\":\"https:\\\/\\\/www.orthodontie-orthodontiste.ch\\\/en\\\/#website\"},\"datePublished\":\"2015-06-22T08:59:56+00:00\",\"dateModified\":\"2020-03-02T10:10:24+00:00\",\"description\":\"Orthodontie \u00e0 Ch\u00e2tel-St-Denis (Fribourg). Orthodontiste\",\"breadcrumb\":{\"@id\":\"https:\\\/\\\/www.orthodontie-orthodontiste.ch\\\/en\\\/cabinet-orthodontique-chatel-saint-denis\\\/#breadcrumb\"},\"inLanguage\":\"en-US\",\"potentialAction\":[{\"@type\":\"ReadAction\",\"target\":[\"https:\\\/\\\/www.orthodontie-orthodontiste.ch\\\/en\\\/cabinet-orthodontique-chatel-saint-denis\\\/\"]}]},{\"@type\":\"BreadcrumbList\",\"@id\":\"https:\\\/\\\/www.orthodontie-orthodontiste.ch\\\/en\\\/cabinet-orthodontique-chatel-saint-denis\\\/#breadcrumb\",\"itemListElement\":[{\"@type\":\"ListItem\",\"position\":1,\"name\":\"Accueil\",\"item\":\"https:\\\/\\\/www.orthodontie-orthodontiste.ch\\\/en\\\/orthodontics-2\\\/\"},{\"@type\":\"ListItem\",\"position\":2,\"name\":\"Access map Orthodent Ch\u00e2tel-St-Denis\"}]},{\"@type\":\"WebSite\",\"@id\":\"https:\\\/\\\/www.orthodontie-orthodontiste.ch\\\/en\\\/#website\",\"url\":\"https:\\\/\\\/www.orthodontie-orthodontiste.ch\\\/en\\\/\",\"name\":\"Orthodent, les sp\u00e9cialistes de l'orthodontie\",\"description\":\"Confiez votre sourire \u00e0 nos orthodontistes\",\"potentialAction\":[{\"@type\":\"SearchAction\",\"target\":{\"@type\":\"EntryPoint\",\"urlTemplate\":\"https:\\\/\\\/www.orthodontie-orthodontiste.ch\\\/en\\\/?s={search_term_string}\"},\"query-input\":{\"@type\":\"PropertyValueSpecification\",\"valueRequired\":true,\"valueName\":\"search_term_string\"}}],\"inLanguage\":\"en-US\"}]}<\/script>\n<!-- \/ Yoast SEO plugin. -->","yoast_head_json":{"title":"Orthodent | Cabinet orthodontique \u00e0 Ch\u00e2tel-St-Denis | Orthodontie Fribourg","description":"Orthodontie \u00e0 Ch\u00e2tel-St-Denis (Fribourg). Orthodontiste","robots":{"index":"index","follow":"follow","max-snippet":"max-snippet:-1","max-image-preview":"max-image-preview:large","max-video-preview":"max-video-preview:-1"},"canonical":"https:\/\/www.orthodontie-orthodontiste.ch\/en\/cabinet-orthodontique-chatel-saint-denis\/","og_locale":"en_US","og_type":"article","og_title":"Orthodent | Cabinet orthodontique \u00e0 Ch\u00e2tel-St-Denis | Orthodontie Fribourg","og_description":"Orthodontie \u00e0 Ch\u00e2tel-St-Denis (Fribourg). Orthodontiste","og_url":"https:\/\/www.orthodontie-orthodontiste.ch\/en\/cabinet-orthodontique-chatel-saint-denis\/","og_site_name":"Orthodent, les sp\u00e9cialistes de l'orthodontie","article_modified_time":"2020-03-02T10:10:24+00:00","twitter_card":"summary_large_image","twitter_misc":{"Est. reading time":"4 minutes"},"schema":{"@context":"https:\/\/schema.org","@graph":[{"@type":"WebPage","@id":"https:\/\/www.orthodontie-orthodontiste.ch\/en\/cabinet-orthodontique-chatel-saint-denis\/","url":"https:\/\/www.orthodontie-orthodontiste.ch\/en\/cabinet-orthodontique-chatel-saint-denis\/","name":"Orthodent | Cabinet orthodontique \u00e0 Ch\u00e2tel-St-Denis | Orthodontie Fribourg","isPartOf":{"@id":"https:\/\/www.orthodontie-orthodontiste.ch\/en\/#website"},"datePublished":"2015-06-22T08:59:56+00:00","dateModified":"2020-03-02T10:10:24+00:00","description":"Orthodontie \u00e0 Ch\u00e2tel-St-Denis (Fribourg). Orthodontiste","breadcrumb":{"@id":"https:\/\/www.orthodontie-orthodontiste.ch\/en\/cabinet-orthodontique-chatel-saint-denis\/#breadcrumb"},"inLanguage":"en-US","potentialAction":[{"@type":"ReadAction","target":["https:\/\/www.orthodontie-orthodontiste.ch\/en\/cabinet-orthodontique-chatel-saint-denis\/"]}]},{"@type":"BreadcrumbList","@id":"https:\/\/www.orthodontie-orthodontiste.ch\/en\/cabinet-orthodontique-chatel-saint-denis\/#breadcrumb","itemListElement":[{"@type":"ListItem","position":1,"name":"Accueil","item":"https:\/\/www.orthodontie-orthodontiste.ch\/en\/orthodontics-2\/"},{"@type":"ListItem","position":2,"name":"Access map Orthodent Ch\u00e2tel-St-Denis"}]},{"@type":"WebSite","@id":"https:\/\/www.orthodontie-orthodontiste.ch\/en\/#website","url":"https:\/\/www.orthodontie-orthodontiste.ch\/en\/","name":"Orthodent, les sp\u00e9cialistes de l'orthodontie","description":"Confiez votre sourire \u00e0 nos orthodontistes","potentialAction":[{"@type":"SearchAction","target":{"@type":"EntryPoint","urlTemplate":"https:\/\/www.orthodontie-orthodontiste.ch\/en\/?s={search_term_string}"},"query-input":{"@type":"PropertyValueSpecification","valueRequired":true,"valueName":"search_term_string"}}],"inLanguage":"en-US"}]}},"_links":{"self":[{"href":"https:\/\/www.orthodontie-orthodontiste.ch\/en\/wp-json\/wp\/v2\/pages\/3747","targetHints":{"allow":["GET"]}}],"collection":[{"href":"https:\/\/www.orthodontie-orthodontiste.ch\/en\/wp-json\/wp\/v2\/pages"}],"about":[{"href":"https:\/\/www.orthodontie-orthodontiste.ch\/en\/wp-json\/wp\/v2\/types\/page"}],"author":[{"embeddable":true,"href":"https:\/\/www.orthodontie-orthodontiste.ch\/en\/wp-json\/wp\/v2\/users\/4"}],"replies":[{"embeddable":true,"href":"https:\/\/www.orthodontie-orthodontiste.ch\/en\/wp-json\/wp\/v2\/comments?post=3747"}],"version-history":[{"count":0,"href":"https:\/\/www.orthodontie-orthodontiste.ch\/en\/wp-json\/wp\/v2\/pages\/3747\/revisions"}],"wp:attachment":[{"href":"https:\/\/www.orthodontie-orthodontiste.ch\/en\/wp-json\/wp\/v2\/media?parent=3747"}],"curies":[{"name":"wp","href":"https:\/\/api.w.org\/{rel}","templated":true}]}}