{"id":3404,"date":"2015-05-20T13:45:12","date_gmt":"2015-05-20T13:45:12","guid":{"rendered":"https:\/\/www.orthodontie-orthodontiste.ch\/?page_id=3404"},"modified":"2020-03-05T10:05:49","modified_gmt":"2020-03-05T10:05:49","slug":"orthodontist-dentist-jobs-dental-assistant-vaud-switzerland-dental-practice","status":"publish","type":"page","link":"https:\/\/www.orthodontie-orthodontiste.ch\/en\/orthodontist-dentist-jobs-dental-assistant-vaud-switzerland-dental-practice\/","title":{"rendered":"Employment"},"content":{"rendered":"<div id='layer_slider_1'  class='avia-layerslider main_color avia-shadow  avia-builder-el-0  el_before_av_hr  avia-builder-el-first  container_wrap fullsize'  style='height: 581px; max-width: 1200px; margin: 0 auto;'  ><\/div><div id='after_layer_slider_1'  class='main_color av_default_container_wrap container_wrap fullsize'  ><div class='container av-section-cont-open' ><div class='template-page content  av-content-full alpha units'><div class='post-entry post-entry-type-page post-entry-3404'><div class='entry-content-wrapper clearfix'>\n\n<style type=\"text\/css\" data-created_by=\"avia_inline_auto\" id=\"style-css-av-k74yge12-b16547ee35ceb5ebd127b7704e115503\">\n#top .hr.av-k74yge12-b16547ee35ceb5ebd127b7704e115503{\nmargin-top:0px;\nmargin-bottom:0px;\n}\n.hr.av-k74yge12-b16547ee35ceb5ebd127b7704e115503 .hr-inner{\nwidth:55px;\nborder-color:#4506b9;\n}\n<\/style>\n<div  class='hr av-k74yge12-b16547ee35ceb5ebd127b7704e115503 hr-custom  avia-builder-el-1  el_after_av_layerslider  el_before_av_heading  avia-builder-el-first  hr-left hr-icon-no'><span class='hr-inner inner-border-av-border-fat'><span class=\"hr-inner-style\"><\/span><\/span><\/div>\n\n<style type=\"text\/css\" data-created_by=\"avia_inline_auto\" id=\"style-css-av-av_heading-23ba5bba5cb596bf602096dc2ccf0e03\">\n#top .av-special-heading.av-av_heading-23ba5bba5cb596bf602096dc2ccf0e03{\npadding-bottom:10px;\n}\nbody .av-special-heading.av-av_heading-23ba5bba5cb596bf602096dc2ccf0e03 .av-special-heading-tag .heading-char{\nfont-size:25px;\n}\n.av-special-heading.av-av_heading-23ba5bba5cb596bf602096dc2ccf0e03 .av-subheading{\nfont-size:15px;\n}\n<\/style>\n<div  class='av-special-heading av-av_heading-23ba5bba5cb596bf602096dc2ccf0e03 av-special-heading-h1 blockquote modern-quote  avia-builder-el-2  el_after_av_hr  el_before_av_textblock '><h1 class='av-special-heading-tag '  itemprop=\"headline\"  >We are always open to new talent<\/h1><div class=\"special-heading-border\"><div class=\"special-heading-inner-border\"><\/div><\/div><\/div>\n<section  class='av_textblock_section av-1xfuws-63dfe3e5a247fcabc896b03a12ba7c9b '   itemscope=\"itemscope\" itemtype=\"https:\/\/schema.org\/CreativeWork\" ><div class='avia_textblock'  itemprop=\"text\" ><p>Are you a qualified orthodontist or dental assistant who is looking for a new challenge?<\/p>\n<p>Orthodent is recruiting staff at its specialist orthodontics centres in\u00a0Pully, Vevey, Chavannes,-pr\u00e8s-Renens (Lausanne), Bulle and Ch\u00e2tel St-Denis.<\/p>\n<p>Call us on\u00a0<strong>0848 22 48 22\u00a0<\/strong>or submit a CV and covering letter to our head office in Ch\u00e2tel-St-Denis.<\/p>\n<p><span style=\"color: #66ccff;\">ORTHODENT SA<\/span><br \/>\nAvenue de la Gare 52<br \/>\n1618 Ch\u00e2tel-St-Denis<br \/>\nT\u00e9l :\u00a0<strong>0848 22 48 22<\/strong><br \/>\n<a title=\"Acc\u00e8dez facilement \u00e0 vos centres Orthodent\" href=\"https:\/\/www.orthodontie-orthodontiste.ch\/en\/cabinet-orthodontique-chatel-saint-denis\/\">How to find us<\/a><\/p>\n<\/div><\/section>\n","protected":false},"excerpt":{"rendered":"","protected":false},"author":4,"featured_media":0,"parent":0,"menu_order":0,"comment_status":"closed","ping_status":"closed","template":"","meta":{"footnotes":""},"class_list":["post-3404","page","type-page","status-publish","hentry"],"yoast_head":"<!-- This site is optimized with the Yoast SEO plugin v27.3 - https:\/\/yoast.com\/product\/yoast-seo-wordpress\/ -->\n<title>orthodontist-dentist-jobs-dental-assistant-vaud-switzerland-dental-practice- | orthodontist-dental-office-dental-center | orthodontics<\/title>\n<meta name=\"description\" content=\"Orthodent : des appareils dentaires et un traitement orthodontique \u00e0 prix mesur\u00e9. Rendez-vous rapide au cabinet dentaire d&#039;Orthodent. Tarifs attractifs et transparents \u00e0 Pully, Vevey, Chavannes,-pr\u00e8s-Renens (Lausanne), Bulle and Ch\u00e2tel St-Denis.\" \/>\n<meta name=\"robots\" content=\"index, follow, max-snippet:-1, max-image-preview:large, max-video-preview:-1\" \/>\n<link rel=\"canonical\" href=\"https:\/\/www.orthodontie-orthodontiste.ch\/en\/orthodontist-dentist-jobs-dental-assistant-vaud-switzerland-dental-practice\/\" \/>\n<meta property=\"og:locale\" content=\"en_US\" \/>\n<meta property=\"og:type\" content=\"article\" \/>\n<meta property=\"og:title\" content=\"orthodontist-dentist-jobs-dental-assistant-vaud-switzerland-dental-practice- | orthodontist-dental-office-dental-center | orthodontics\" \/>\n<meta property=\"og:description\" content=\"Orthodent : des appareils dentaires et un traitement orthodontique \u00e0 prix mesur\u00e9. Rendez-vous rapide au cabinet dentaire d&#039;Orthodent. Tarifs attractifs et transparents \u00e0 Pully, Vevey, Chavannes,-pr\u00e8s-Renens (Lausanne), Bulle and Ch\u00e2tel St-Denis.\" \/>\n<meta property=\"og:url\" content=\"https:\/\/www.orthodontie-orthodontiste.ch\/en\/orthodontist-dentist-jobs-dental-assistant-vaud-switzerland-dental-practice\/\" \/>\n<meta property=\"og:site_name\" content=\"Orthodent, les sp\u00e9cialistes de l&#039;orthodontie\" \/>\n<meta property=\"article:modified_time\" content=\"2020-03-05T10:05:49+00:00\" \/>\n<meta name=\"twitter:card\" content=\"summary_large_image\" \/>\n<meta name=\"twitter:label1\" content=\"Est. reading time\" \/>\n\t<meta name=\"twitter:data1\" content=\"1 minute\" \/>\n<script type=\"application\/ld+json\" class=\"yoast-schema-graph\">{\"@context\":\"https:\\\/\\\/schema.org\",\"@graph\":[{\"@type\":\"WebPage\",\"@id\":\"https:\\\/\\\/www.orthodontie-orthodontiste.ch\\\/en\\\/orthodontist-dentist-jobs-dental-assistant-vaud-switzerland-dental-practice\\\/\",\"url\":\"https:\\\/\\\/www.orthodontie-orthodontiste.ch\\\/en\\\/orthodontist-dentist-jobs-dental-assistant-vaud-switzerland-dental-practice\\\/\",\"name\":\"orthodontist-dentist-jobs-dental-assistant-vaud-switzerland-dental-practice- | orthodontist-dental-office-dental-center | orthodontics\",\"isPartOf\":{\"@id\":\"https:\\\/\\\/www.orthodontie-orthodontiste.ch\\\/en\\\/#website\"},\"datePublished\":\"2015-05-20T13:45:12+00:00\",\"dateModified\":\"2020-03-05T10:05:49+00:00\",\"description\":\"Orthodent : des appareils dentaires et un traitement orthodontique \u00e0 prix mesur\u00e9. Rendez-vous rapide au cabinet dentaire d'Orthodent. Tarifs attractifs et transparents \u00e0 Pully, Vevey, Chavannes,-pr\u00e8s-Renens (Lausanne), Bulle and Ch\u00e2tel St-Denis.\",\"breadcrumb\":{\"@id\":\"https:\\\/\\\/www.orthodontie-orthodontiste.ch\\\/en\\\/orthodontist-dentist-jobs-dental-assistant-vaud-switzerland-dental-practice\\\/#breadcrumb\"},\"inLanguage\":\"en-US\",\"potentialAction\":[{\"@type\":\"ReadAction\",\"target\":[\"https:\\\/\\\/www.orthodontie-orthodontiste.ch\\\/en\\\/orthodontist-dentist-jobs-dental-assistant-vaud-switzerland-dental-practice\\\/\"]}]},{\"@type\":\"BreadcrumbList\",\"@id\":\"https:\\\/\\\/www.orthodontie-orthodontiste.ch\\\/en\\\/orthodontist-dentist-jobs-dental-assistant-vaud-switzerland-dental-practice\\\/#breadcrumb\",\"itemListElement\":[{\"@type\":\"ListItem\",\"position\":1,\"name\":\"Accueil\",\"item\":\"https:\\\/\\\/www.orthodontie-orthodontiste.ch\\\/en\\\/orthodontics-2\\\/\"},{\"@type\":\"ListItem\",\"position\":2,\"name\":\"Employment\"}]},{\"@type\":\"WebSite\",\"@id\":\"https:\\\/\\\/www.orthodontie-orthodontiste.ch\\\/en\\\/#website\",\"url\":\"https:\\\/\\\/www.orthodontie-orthodontiste.ch\\\/en\\\/\",\"name\":\"Orthodent, les sp\u00e9cialistes de l'orthodontie\",\"description\":\"Confiez votre sourire \u00e0 nos orthodontistes\",\"potentialAction\":[{\"@type\":\"SearchAction\",\"target\":{\"@type\":\"EntryPoint\",\"urlTemplate\":\"https:\\\/\\\/www.orthodontie-orthodontiste.ch\\\/en\\\/?s={search_term_string}\"},\"query-input\":{\"@type\":\"PropertyValueSpecification\",\"valueRequired\":true,\"valueName\":\"search_term_string\"}}],\"inLanguage\":\"en-US\"}]}<\/script>\n<!-- \/ Yoast SEO plugin. -->","yoast_head_json":{"title":"orthodontist-dentist-jobs-dental-assistant-vaud-switzerland-dental-practice- | orthodontist-dental-office-dental-center | orthodontics","description":"Orthodent : des appareils dentaires et un traitement orthodontique \u00e0 prix mesur\u00e9. Rendez-vous rapide au cabinet dentaire d'Orthodent. Tarifs attractifs et transparents \u00e0 Pully, Vevey, Chavannes,-pr\u00e8s-Renens (Lausanne), Bulle and Ch\u00e2tel St-Denis.","robots":{"index":"index","follow":"follow","max-snippet":"max-snippet:-1","max-image-preview":"max-image-preview:large","max-video-preview":"max-video-preview:-1"},"canonical":"https:\/\/www.orthodontie-orthodontiste.ch\/en\/orthodontist-dentist-jobs-dental-assistant-vaud-switzerland-dental-practice\/","og_locale":"en_US","og_type":"article","og_title":"orthodontist-dentist-jobs-dental-assistant-vaud-switzerland-dental-practice- | orthodontist-dental-office-dental-center | orthodontics","og_description":"Orthodent : des appareils dentaires et un traitement orthodontique \u00e0 prix mesur\u00e9. Rendez-vous rapide au cabinet dentaire d'Orthodent. Tarifs attractifs et transparents \u00e0 Pully, Vevey, Chavannes,-pr\u00e8s-Renens (Lausanne), Bulle and Ch\u00e2tel St-Denis.","og_url":"https:\/\/www.orthodontie-orthodontiste.ch\/en\/orthodontist-dentist-jobs-dental-assistant-vaud-switzerland-dental-practice\/","og_site_name":"Orthodent, les sp\u00e9cialistes de l'orthodontie","article_modified_time":"2020-03-05T10:05:49+00:00","twitter_card":"summary_large_image","twitter_misc":{"Est. reading time":"1 minute"},"schema":{"@context":"https:\/\/schema.org","@graph":[{"@type":"WebPage","@id":"https:\/\/www.orthodontie-orthodontiste.ch\/en\/orthodontist-dentist-jobs-dental-assistant-vaud-switzerland-dental-practice\/","url":"https:\/\/www.orthodontie-orthodontiste.ch\/en\/orthodontist-dentist-jobs-dental-assistant-vaud-switzerland-dental-practice\/","name":"orthodontist-dentist-jobs-dental-assistant-vaud-switzerland-dental-practice- | orthodontist-dental-office-dental-center | orthodontics","isPartOf":{"@id":"https:\/\/www.orthodontie-orthodontiste.ch\/en\/#website"},"datePublished":"2015-05-20T13:45:12+00:00","dateModified":"2020-03-05T10:05:49+00:00","description":"Orthodent : des appareils dentaires et un traitement orthodontique \u00e0 prix mesur\u00e9. Rendez-vous rapide au cabinet dentaire d'Orthodent. Tarifs attractifs et transparents \u00e0 Pully, Vevey, Chavannes,-pr\u00e8s-Renens (Lausanne), Bulle and Ch\u00e2tel St-Denis.","breadcrumb":{"@id":"https:\/\/www.orthodontie-orthodontiste.ch\/en\/orthodontist-dentist-jobs-dental-assistant-vaud-switzerland-dental-practice\/#breadcrumb"},"inLanguage":"en-US","potentialAction":[{"@type":"ReadAction","target":["https:\/\/www.orthodontie-orthodontiste.ch\/en\/orthodontist-dentist-jobs-dental-assistant-vaud-switzerland-dental-practice\/"]}]},{"@type":"BreadcrumbList","@id":"https:\/\/www.orthodontie-orthodontiste.ch\/en\/orthodontist-dentist-jobs-dental-assistant-vaud-switzerland-dental-practice\/#breadcrumb","itemListElement":[{"@type":"ListItem","position":1,"name":"Accueil","item":"https:\/\/www.orthodontie-orthodontiste.ch\/en\/orthodontics-2\/"},{"@type":"ListItem","position":2,"name":"Employment"}]},{"@type":"WebSite","@id":"https:\/\/www.orthodontie-orthodontiste.ch\/en\/#website","url":"https:\/\/www.orthodontie-orthodontiste.ch\/en\/","name":"Orthodent, les sp\u00e9cialistes de l'orthodontie","description":"Confiez votre sourire \u00e0 nos orthodontistes","potentialAction":[{"@type":"SearchAction","target":{"@type":"EntryPoint","urlTemplate":"https:\/\/www.orthodontie-orthodontiste.ch\/en\/?s={search_term_string}"},"query-input":{"@type":"PropertyValueSpecification","valueRequired":true,"valueName":"search_term_string"}}],"inLanguage":"en-US"}]}},"_links":{"self":[{"href":"https:\/\/www.orthodontie-orthodontiste.ch\/en\/wp-json\/wp\/v2\/pages\/3404","targetHints":{"allow":["GET"]}}],"collection":[{"href":"https:\/\/www.orthodontie-orthodontiste.ch\/en\/wp-json\/wp\/v2\/pages"}],"about":[{"href":"https:\/\/www.orthodontie-orthodontiste.ch\/en\/wp-json\/wp\/v2\/types\/page"}],"author":[{"embeddable":true,"href":"https:\/\/www.orthodontie-orthodontiste.ch\/en\/wp-json\/wp\/v2\/users\/4"}],"replies":[{"embeddable":true,"href":"https:\/\/www.orthodontie-orthodontiste.ch\/en\/wp-json\/wp\/v2\/comments?post=3404"}],"version-history":[{"count":0,"href":"https:\/\/www.orthodontie-orthodontiste.ch\/en\/wp-json\/wp\/v2\/pages\/3404\/revisions"}],"wp:attachment":[{"href":"https:\/\/www.orthodontie-orthodontiste.ch\/en\/wp-json\/wp\/v2\/media?parent=3404"}],"curies":[{"name":"wp","href":"https:\/\/api.w.org\/{rel}","templated":true}]}}