{"id":3374,"date":"2015-05-20T12:47:07","date_gmt":"2015-05-20T12:47:07","guid":{"rendered":"https:\/\/www.orthodontie-orthodontiste.ch\/?page_id=3374"},"modified":"2020-03-02T09:47:18","modified_gmt":"2020-03-02T09:47:18","slug":"orthodontics-orthodontist","status":"publish","type":"page","link":"https:\/\/www.orthodontie-orthodontiste.ch\/en\/orthodontics-orthodontist\/","title":{"rendered":"Orthodent centres"},"content":{"rendered":"<div id='layer_slider_1'  class='avia-layerslider main_color avia-shadow  avia-builder-el-0  el_before_av_hr  avia-builder-el-first  container_wrap fullsize'  style='height: 431px;'  ><\/div><div id='after_layer_slider_1'  class='main_color av_default_container_wrap container_wrap fullsize'  ><div class='container av-section-cont-open' ><div class='template-page content  av-content-full alpha units'><div class='post-entry post-entry-type-page post-entry-3374'><div class='entry-content-wrapper clearfix'>\n\n<style type=\"text\/css\" data-created_by=\"avia_inline_auto\" id=\"style-css-av-k74yge12-b16547ee35ceb5ebd127b7704e115503\">\n#top .hr.av-k74yge12-b16547ee35ceb5ebd127b7704e115503{\nmargin-top:0px;\nmargin-bottom:0px;\n}\n.hr.av-k74yge12-b16547ee35ceb5ebd127b7704e115503 .hr-inner{\nwidth:55px;\nborder-color:#4506b9;\n}\n<\/style>\n<div  class='hr av-k74yge12-b16547ee35ceb5ebd127b7704e115503 hr-custom  avia-builder-el-1  el_after_av_layerslider  el_before_av_heading  avia-builder-el-first  hr-left hr-icon-no'><span class='hr-inner inner-border-av-border-fat'><span class=\"hr-inner-style\"><\/span><\/span><\/div>\n\n<style type=\"text\/css\" data-created_by=\"avia_inline_auto\" id=\"style-css-av-k7aa4p28-2904359ea62de11e1cd2cf6ffc0dcb48\">\n#top .av-special-heading.av-k7aa4p28-2904359ea62de11e1cd2cf6ffc0dcb48{\npadding-bottom:10px;\n}\nbody .av-special-heading.av-k7aa4p28-2904359ea62de11e1cd2cf6ffc0dcb48 .av-special-heading-tag .heading-char{\nfont-size:25px;\n}\n.av-special-heading.av-k7aa4p28-2904359ea62de11e1cd2cf6ffc0dcb48 .av-subheading{\nfont-size:15px;\n}\n<\/style>\n<div  class='av-special-heading av-k7aa4p28-2904359ea62de11e1cd2cf6ffc0dcb48 av-special-heading-h1 blockquote modern-quote  avia-builder-el-2  el_after_av_hr  el_before_av_textblock '><h1 class='av-special-heading-tag '  itemprop=\"headline\"  >Orthodontics made easy !<\/h1><div class=\"special-heading-border\"><div class=\"special-heading-inner-border\"><\/div><\/div><\/div>\n<section  class='av_textblock_section av-av_textblock-0366cc7376be6c9e82a3e9cc8987b64f '   itemscope=\"itemscope\" itemtype=\"https:\/\/schema.org\/CreativeWork\" ><div class='avia_textblock'  itemprop=\"text\" ><p>As specialist centres, we provide a range of services to improve your well-being.<\/p>\n<ul>\n<li>Treatment by qualified, approved orthodontists<\/li>\n<li>Latest radiography technology<\/li>\n<li>Quick access to dental care inPully, Vevey, Chavannes-pr\u00e8s-Renens (Lausanne), Bulle and\u00a0Ch\u00e2tel St-Denis<\/li>\n<li>Innovative, affordable treatments and discreet braces fitted, where necessary<\/li>\n<li>Affordable pricing and payment plans<\/li>\n<li>Comfortable waiting rooms with facilities for children and adults<\/li>\n<li>Easy access to our centres via public transport<\/li>\n<li>Parking available close to the centres<\/li>\n<li>French- and English-speaking staff<\/li>\n<\/ul>\n<\/div><\/section>\n\n<style type=\"text\/css\" data-created_by=\"avia_inline_auto\" id=\"style-css-av-av_heading-4ea0bd02dfa8beeed4af34956b344783\">\n#top .av-special-heading.av-av_heading-4ea0bd02dfa8beeed4af34956b344783{\npadding-bottom:10px;\n}\nbody .av-special-heading.av-av_heading-4ea0bd02dfa8beeed4af34956b344783 .av-special-heading-tag .heading-char{\nfont-size:25px;\n}\n.av-special-heading.av-av_heading-4ea0bd02dfa8beeed4af34956b344783 .av-subheading{\nfont-size:15px;\n}\n<\/style>\n<div  class='av-special-heading av-av_heading-4ea0bd02dfa8beeed4af34956b344783 av-special-heading-h4  avia-builder-el-4  el_after_av_textblock  el_before_av_textblock '><h4 class='av-special-heading-tag '  itemprop=\"headline\"  >Our values<\/h4><div class=\"special-heading-border\"><div class=\"special-heading-inner-border\"><\/div><\/div><\/div>\n<section  class='av_textblock_section av-av_textblock-0366cc7376be6c9e82a3e9cc8987b64f '   itemscope=\"itemscope\" itemtype=\"https:\/\/schema.org\/CreativeWork\" ><div class='avia_textblock'  itemprop=\"text\" ><p>Our team is dedicated to making your treatment run as smoothly as possible. We are committed to:<\/p>\n<ul>\n<li>Offering high-quality treatment tailored to each individual situation<\/li>\n<li>Being responsive, accessible and attentive to our patients and their families<\/li>\n<li>Providing a warm welcome and building trust-based relationships<\/li>\n<li>Respecting the personality, age and sensitivities of all our patients<\/li>\n<li>Guaranteeing that all our instruments are sterile and adhering to most demanding hygiene standards<\/li>\n<li>Making every effort to ensure that children are properly cared for throughout their treatment<\/li>\n<li>Widening access to our services through affordable pricing.<\/li>\n<\/ul>\n<\/div><\/section>\n","protected":false},"excerpt":{"rendered":"","protected":false},"author":4,"featured_media":0,"parent":0,"menu_order":0,"comment_status":"closed","ping_status":"closed","template":"","meta":{"footnotes":""},"class_list":["post-3374","page","type-page","status-publish","hentry"],"yoast_head":"<!-- This site is optimized with the Yoast SEO plugin v27.3 - https:\/\/yoast.com\/product\/yoast-seo-wordpress\/ -->\n<title>dentist-orthodontist-dental-practice-vaud-fribourg | orthodontist-dental-office-dental-center | orthodontics<\/title>\n<meta name=\"description\" content=\"Profitez des avantages des centres dentaires Orthodent, prix mesur\u00e9, traitement de qualit\u00e9 et personnel sp\u00e9cialis\u00e9 en orthodontie. Soins en orthodontie et en orthop\u00e9die.\" \/>\n<meta name=\"robots\" content=\"index, follow, max-snippet:-1, max-image-preview:large, max-video-preview:-1\" \/>\n<link rel=\"canonical\" href=\"https:\/\/www.orthodontie-orthodontiste.ch\/en\/orthodontics-orthodontist\/\" \/>\n<meta property=\"og:locale\" content=\"en_US\" \/>\n<meta property=\"og:type\" content=\"article\" \/>\n<meta property=\"og:title\" content=\"dentist-orthodontist-dental-practice-vaud-fribourg | orthodontist-dental-office-dental-center | orthodontics\" \/>\n<meta property=\"og:description\" content=\"Profitez des avantages des centres dentaires Orthodent, prix mesur\u00e9, traitement de qualit\u00e9 et personnel sp\u00e9cialis\u00e9 en orthodontie. Soins en orthodontie et en orthop\u00e9die.\" \/>\n<meta property=\"og:url\" content=\"https:\/\/www.orthodontie-orthodontiste.ch\/en\/orthodontics-orthodontist\/\" \/>\n<meta property=\"og:site_name\" content=\"Orthodent, les sp\u00e9cialistes de l&#039;orthodontie\" \/>\n<meta property=\"article:modified_time\" content=\"2020-03-02T09:47:18+00:00\" \/>\n<meta name=\"twitter:card\" content=\"summary_large_image\" \/>\n<meta name=\"twitter:label1\" content=\"Est. reading time\" \/>\n\t<meta name=\"twitter:data1\" content=\"2 minutes\" \/>\n<script type=\"application\/ld+json\" class=\"yoast-schema-graph\">{\"@context\":\"https:\\\/\\\/schema.org\",\"@graph\":[{\"@type\":\"WebPage\",\"@id\":\"https:\\\/\\\/www.orthodontie-orthodontiste.ch\\\/en\\\/orthodontics-orthodontist\\\/\",\"url\":\"https:\\\/\\\/www.orthodontie-orthodontiste.ch\\\/en\\\/orthodontics-orthodontist\\\/\",\"name\":\"dentist-orthodontist-dental-practice-vaud-fribourg | orthodontist-dental-office-dental-center | orthodontics\",\"isPartOf\":{\"@id\":\"https:\\\/\\\/www.orthodontie-orthodontiste.ch\\\/en\\\/#website\"},\"datePublished\":\"2015-05-20T12:47:07+00:00\",\"dateModified\":\"2020-03-02T09:47:18+00:00\",\"description\":\"Profitez des avantages des centres dentaires Orthodent, prix mesur\u00e9, traitement de qualit\u00e9 et personnel sp\u00e9cialis\u00e9 en orthodontie. Soins en orthodontie et en orthop\u00e9die.\",\"breadcrumb\":{\"@id\":\"https:\\\/\\\/www.orthodontie-orthodontiste.ch\\\/en\\\/orthodontics-orthodontist\\\/#breadcrumb\"},\"inLanguage\":\"en-US\",\"potentialAction\":[{\"@type\":\"ReadAction\",\"target\":[\"https:\\\/\\\/www.orthodontie-orthodontiste.ch\\\/en\\\/orthodontics-orthodontist\\\/\"]}]},{\"@type\":\"BreadcrumbList\",\"@id\":\"https:\\\/\\\/www.orthodontie-orthodontiste.ch\\\/en\\\/orthodontics-orthodontist\\\/#breadcrumb\",\"itemListElement\":[{\"@type\":\"ListItem\",\"position\":1,\"name\":\"Accueil\",\"item\":\"https:\\\/\\\/www.orthodontie-orthodontiste.ch\\\/en\\\/orthodontics-2\\\/\"},{\"@type\":\"ListItem\",\"position\":2,\"name\":\"Orthodent centres\"}]},{\"@type\":\"WebSite\",\"@id\":\"https:\\\/\\\/www.orthodontie-orthodontiste.ch\\\/en\\\/#website\",\"url\":\"https:\\\/\\\/www.orthodontie-orthodontiste.ch\\\/en\\\/\",\"name\":\"Orthodent, les sp\u00e9cialistes de l'orthodontie\",\"description\":\"Confiez votre sourire \u00e0 nos orthodontistes\",\"potentialAction\":[{\"@type\":\"SearchAction\",\"target\":{\"@type\":\"EntryPoint\",\"urlTemplate\":\"https:\\\/\\\/www.orthodontie-orthodontiste.ch\\\/en\\\/?s={search_term_string}\"},\"query-input\":{\"@type\":\"PropertyValueSpecification\",\"valueRequired\":true,\"valueName\":\"search_term_string\"}}],\"inLanguage\":\"en-US\"}]}<\/script>\n<!-- \/ Yoast SEO plugin. -->","yoast_head_json":{"title":"dentist-orthodontist-dental-practice-vaud-fribourg | orthodontist-dental-office-dental-center | orthodontics","description":"Profitez des avantages des centres dentaires Orthodent, prix mesur\u00e9, traitement de qualit\u00e9 et personnel sp\u00e9cialis\u00e9 en orthodontie. Soins en orthodontie et en orthop\u00e9die.","robots":{"index":"index","follow":"follow","max-snippet":"max-snippet:-1","max-image-preview":"max-image-preview:large","max-video-preview":"max-video-preview:-1"},"canonical":"https:\/\/www.orthodontie-orthodontiste.ch\/en\/orthodontics-orthodontist\/","og_locale":"en_US","og_type":"article","og_title":"dentist-orthodontist-dental-practice-vaud-fribourg | orthodontist-dental-office-dental-center | orthodontics","og_description":"Profitez des avantages des centres dentaires Orthodent, prix mesur\u00e9, traitement de qualit\u00e9 et personnel sp\u00e9cialis\u00e9 en orthodontie. Soins en orthodontie et en orthop\u00e9die.","og_url":"https:\/\/www.orthodontie-orthodontiste.ch\/en\/orthodontics-orthodontist\/","og_site_name":"Orthodent, les sp\u00e9cialistes de l'orthodontie","article_modified_time":"2020-03-02T09:47:18+00:00","twitter_card":"summary_large_image","twitter_misc":{"Est. reading time":"2 minutes"},"schema":{"@context":"https:\/\/schema.org","@graph":[{"@type":"WebPage","@id":"https:\/\/www.orthodontie-orthodontiste.ch\/en\/orthodontics-orthodontist\/","url":"https:\/\/www.orthodontie-orthodontiste.ch\/en\/orthodontics-orthodontist\/","name":"dentist-orthodontist-dental-practice-vaud-fribourg | orthodontist-dental-office-dental-center | orthodontics","isPartOf":{"@id":"https:\/\/www.orthodontie-orthodontiste.ch\/en\/#website"},"datePublished":"2015-05-20T12:47:07+00:00","dateModified":"2020-03-02T09:47:18+00:00","description":"Profitez des avantages des centres dentaires Orthodent, prix mesur\u00e9, traitement de qualit\u00e9 et personnel sp\u00e9cialis\u00e9 en orthodontie. Soins en orthodontie et en orthop\u00e9die.","breadcrumb":{"@id":"https:\/\/www.orthodontie-orthodontiste.ch\/en\/orthodontics-orthodontist\/#breadcrumb"},"inLanguage":"en-US","potentialAction":[{"@type":"ReadAction","target":["https:\/\/www.orthodontie-orthodontiste.ch\/en\/orthodontics-orthodontist\/"]}]},{"@type":"BreadcrumbList","@id":"https:\/\/www.orthodontie-orthodontiste.ch\/en\/orthodontics-orthodontist\/#breadcrumb","itemListElement":[{"@type":"ListItem","position":1,"name":"Accueil","item":"https:\/\/www.orthodontie-orthodontiste.ch\/en\/orthodontics-2\/"},{"@type":"ListItem","position":2,"name":"Orthodent centres"}]},{"@type":"WebSite","@id":"https:\/\/www.orthodontie-orthodontiste.ch\/en\/#website","url":"https:\/\/www.orthodontie-orthodontiste.ch\/en\/","name":"Orthodent, les sp\u00e9cialistes de l'orthodontie","description":"Confiez votre sourire \u00e0 nos orthodontistes","potentialAction":[{"@type":"SearchAction","target":{"@type":"EntryPoint","urlTemplate":"https:\/\/www.orthodontie-orthodontiste.ch\/en\/?s={search_term_string}"},"query-input":{"@type":"PropertyValueSpecification","valueRequired":true,"valueName":"search_term_string"}}],"inLanguage":"en-US"}]}},"_links":{"self":[{"href":"https:\/\/www.orthodontie-orthodontiste.ch\/en\/wp-json\/wp\/v2\/pages\/3374","targetHints":{"allow":["GET"]}}],"collection":[{"href":"https:\/\/www.orthodontie-orthodontiste.ch\/en\/wp-json\/wp\/v2\/pages"}],"about":[{"href":"https:\/\/www.orthodontie-orthodontiste.ch\/en\/wp-json\/wp\/v2\/types\/page"}],"author":[{"embeddable":true,"href":"https:\/\/www.orthodontie-orthodontiste.ch\/en\/wp-json\/wp\/v2\/users\/4"}],"replies":[{"embeddable":true,"href":"https:\/\/www.orthodontie-orthodontiste.ch\/en\/wp-json\/wp\/v2\/comments?post=3374"}],"version-history":[{"count":0,"href":"https:\/\/www.orthodontie-orthodontiste.ch\/en\/wp-json\/wp\/v2\/pages\/3374\/revisions"}],"wp:attachment":[{"href":"https:\/\/www.orthodontie-orthodontiste.ch\/en\/wp-json\/wp\/v2\/media?parent=3374"}],"curies":[{"name":"wp","href":"https:\/\/api.w.org\/{rel}","templated":true}]}}